{"id":308,"date":"2012-03-20T23:43:26","date_gmt":"2012-03-20T22:43:26","guid":{"rendered":"https:\/\/www.amicsdelamarportmao.com\/?page_id=308"},"modified":"2012-03-20T23:43:45","modified_gmt":"2012-03-20T22:43:45","slug":"cadaques-2006","status":"publish","type":"page","link":"https:\/\/www.amicsdelamarportmao.com\/es\/trobades\/cadaques-2006\/","title":{"rendered":"Cadaques 2006"},"content":{"rendered":"<p class=\"qtranxs-available-languages-message qtranxs-available-languages-message-es\">Disculpa, pero esta entrada est\u00e1 disponible s\u00f3lo en <a href=\"https:\/\/www.amicsdelamarportmao.com\/ca\/wp-json\/wp\/v2\/pages\/308\" class=\"qtranxs-available-language-link qtranxs-available-language-link-ca\" title=\"Catal\u00e0\">Catal\u00e0<\/a>.<\/p>","protected":false},"excerpt":{"rendered":"<p>Disculpa, pero esta entrada est\u00e1 disponible s\u00f3lo en Catal\u00e0.<\/p>\n","protected":false},"author":1,"featured_media":0,"parent":36,"menu_order":41,"comment_status":"closed","ping_status":"closed","template":"","meta":{"footnotes":""},"_links":{"self":[{"href":"https:\/\/www.amicsdelamarportmao.com\/es\/wp-json\/wp\/v2\/pages\/308"}],"collection":[{"href":"https:\/\/www.amicsdelamarportmao.com\/es\/wp-json\/wp\/v2\/pages"}],"about":[{"href":"https:\/\/www.amicsdelamarportmao.com\/es\/wp-json\/wp\/v2\/types\/page"}],"author":[{"embeddable":true,"href":"https:\/\/www.amicsdelamarportmao.com\/es\/wp-json\/wp\/v2\/users\/1"}],"replies":[{"embeddable":true,"href":"https:\/\/www.amicsdelamarportmao.com\/es\/wp-json\/wp\/v2\/comments?post=308"}],"version-history":[{"count":2,"href":"https:\/\/www.amicsdelamarportmao.com\/es\/wp-json\/wp\/v2\/pages\/308\/revisions"}],"predecessor-version":[{"id":313,"href":"https:\/\/www.amicsdelamarportmao.com\/es\/wp-json\/wp\/v2\/pages\/308\/revisions\/313"}],"up":[{"embeddable":true,"href":"https:\/\/www.amicsdelamarportmao.com\/es\/wp-json\/wp\/v2\/pages\/36"}],"wp:attachment":[{"href":"https:\/\/www.amicsdelamarportmao.com\/es\/wp-json\/wp\/v2\/media?parent=308"}],"curies":[{"name":"wp","href":"https:\/\/api.w.org\/{rel}","templated":true}]}}