{"id":55,"date":"2012-03-14T17:49:04","date_gmt":"2012-03-14T17:49:04","guid":{"rendered":"https:\/\/www.amicsdelamarportmao.com\/?page_id=55"},"modified":"2012-03-26T18:29:35","modified_gmt":"2012-03-26T16:29:35","slug":"illa-plana","status":"publish","type":"page","link":"https:\/\/www.amicsdelamarportmao.com\/es\/instalacions\/illa-plana\/","title":{"rendered":"Isla Plana"},"content":{"rendered":"<p>Lo que conocemos como isla Plana es un islote situado en el interior del puerto de Mah\u00f3n, cercano a la antigua pen\u00ednsula de sant Felipet, hoy isla de Lazareto. <a href=\"https:\/\/www.amicsdelamarportmao.com\/wp-content\/uploads\/2012\/03\/illa-plana-51.jpg\"><img loading=\"lazy\" decoding=\"async\" class=\"alignleft size-medium wp-image-186\" title=\"illa plana 5\" src=\"https:\/\/www.amicsdelamarportmao.com\/wp-content\/uploads\/2012\/03\/illa-plana-51-300x225.jpg\" alt=\"\" width=\"300\" height=\"225\" srcset=\"https:\/\/www.amicsdelamarportmao.com\/wp-content\/uploads\/2012\/03\/illa-plana-51-300x225.jpg 300w, https:\/\/www.amicsdelamarportmao.com\/wp-content\/uploads\/2012\/03\/illa-plana-51-250x187.jpg 250w, https:\/\/www.amicsdelamarportmao.com\/wp-content\/uploads\/2012\/03\/illa-plana-51.jpg 787w\" sizes=\"(max-width: 300px) 100vw, 300px\" \/><\/a> Tiene forma alargada, de NW a SE y una extensi\u00f3n de 10.000 m<sup>2<\/sup>. Antiguamente se la conoc\u00eda como s\u2019Illeta; posteriormente fue llamada isla de la Cuarentena,\u00a0 porque los ingleses instalaron en ella el primer lazareto de Menorca. Las primeras construcciones eran muy simples, provisionales. Al finalizar la ocupaci\u00f3n brit\u00e1nica se construy\u00f3 un edificio central de dos cuerpos y un solo piso, que se conserv\u00f3 hasta bien entrado el sigle XX., cuando fue fue destruido para construir unas instalaciones militares de la Armada, abandonadas desde hace algunos a\u00f1os y de las cuales queda una casa moderna; se conservan, tambi\u00e9n,\u00a0 los cimientos de las construcciones anteriores, un polvor\u00edn y un almac\u00e9n en el extremo NW, posiblemente parte de las construcciones primitivas transformadas en el primer terci\u00f3 del sigle XX.\u00a0 Todo el conjunto presenta un estado de abandono total. Ante esta situaci\u00f3n, y aprovechando la conyuntura de un remodelaci\u00f3n de usos del puerto, Amics de la Mar Port-Ma\u00f3 presenta el siguiente borrador de ideas para un plan de usos del islote. A nivel global, proponemos recuperarlo socialmente\u00a0 e integrarlo en el conjunto del puerto, convierti\u00e9ndolo en un espacio\u00a0 destinado a la conservaci\u00f3n del patrimonio hist\u00f3rico mar\u00edtimo de Menorca, con un programa a largo plazo, que comprenda las siguientes actuaciones y actividades:<\/p>\n<ul>\n<li>Como actuaci\u00f3n previa se tendr\u00eda que poner en condiciones el edificio moderno\u00a0 que hay en el centro de la isla, a fin de que sirva de centro y lugar de trabajo para las tareas a desarrollar.<\/li>\n<\/ul>\n<ul>\n<li>Una vez instalados all\u00e1, la primera labor tendr\u00e1 que ser la limpieza de vegetaci\u00f3n y desperdicios, a fin de que queden a la vista las estructuras existentes.<\/li>\n<\/ul>\n<div><span style=\"font-size: small;\"><a href=\"https:\/\/www.amicsdelamarportmao.com\/wp-content\/uploads\/2012\/03\/illa-plana-42.jpg\"><img loading=\"lazy\" decoding=\"async\" class=\"alignleft size-medium wp-image-189\" title=\"illa plana 4\" src=\"https:\/\/www.amicsdelamarportmao.com\/wp-content\/uploads\/2012\/03\/illa-plana-42-300x225.jpg\" alt=\"\" width=\"300\" height=\"225\" srcset=\"https:\/\/www.amicsdelamarportmao.com\/wp-content\/uploads\/2012\/03\/illa-plana-42-300x225.jpg 300w, https:\/\/www.amicsdelamarportmao.com\/wp-content\/uploads\/2012\/03\/illa-plana-42-250x187.jpg 250w, https:\/\/www.amicsdelamarportmao.com\/wp-content\/uploads\/2012\/03\/illa-plana-42.jpg 787w\" sizes=\"(max-width: 300px) 100vw, 300px\" \/><\/a><\/span><\/div>\n<p>Una segunda fase tiene que comprender una serie de actuaciones, algunas de las cuales pueden hacerse simult\u00e1neamente: -Estudio de los restos existentes. &#8211; B\u00fasqueda documental, que nos informe de las antiguas construcciones y de su historia. -Acondicionar el edificio NW para que pueda acoger una muestra de embarcaciones antiguas. -Montar un de taller de restauraci\u00f3n, en base a la maquinaria y herramientas\u00a0 de carpinter\u00eda, actualmente, instaladas en la isla Pinto. -Construir un varadero para poder entrar las barcas en el taller, procurando que sea lo m\u00e1s discret posible; se estudiar\u00e1 una ubicaci\u00f3n que no afecte les restos hist\u00f3ricos. -Implantar una l\u00ednea de amarres pera barcas tradicionales en la ribera NE del islote. -Un \u00faltimo paso ha de ser valorar la posibilidat de hacer alg\u00fan tipo de restituci\u00f3n de los edificos antiguos, con los \u00a0materiales conservados. <a href=\"https:\/\/www.amicsdelamarportmao.com\/wp-content\/uploads\/2012\/03\/illa-plana-vista-21.jpg\"><img loading=\"lazy\" decoding=\"async\" class=\"alignleft size-medium wp-image-185\" title=\"illa plana vista 2\" src=\"https:\/\/www.amicsdelamarportmao.com\/wp-content\/uploads\/2012\/03\/illa-plana-vista-21-300x190.jpg\" alt=\"\" width=\"300\" height=\"190\" srcset=\"https:\/\/www.amicsdelamarportmao.com\/wp-content\/uploads\/2012\/03\/illa-plana-vista-21-300x190.jpg 300w, https:\/\/www.amicsdelamarportmao.com\/wp-content\/uploads\/2012\/03\/illa-plana-vista-21-250x158.jpg 250w, https:\/\/www.amicsdelamarportmao.com\/wp-content\/uploads\/2012\/03\/illa-plana-vista-21.jpg 591w\" sizes=\"(max-width: 300px) 100vw, 300px\" \/><\/a> Proponemos, por tanto, que la antiga isla de la Cuarentena se\u00a0convierta en el centro para las embarcaciones hist\u00f3ricas del puerto y en lugar de encuentros de embarcaciones tradicionales a nivel local, insular e, incluso, del Mediterr\u00e1neo occidental. Deseamos, finalmente, convertirla en un espacio seguro para actividades marineras y did\u00e1cticas relacionadas con la mar y, en diversas formas, colaborar con otras entidades que realizan actividades en el mismo \u00e1mbito: vela ligera, remo, caiacs, etc., sin interferir las normales actividades del puerto.<\/p>","protected":false},"excerpt":{"rendered":"<p>Lo que conocemos como isla Plana es un islote situado en el interior del puerto de Mah\u00f3n, cercano a la antigua pen\u00ednsula de sant Felipet, hoy isla de Lazareto. Tiene forma alargada, de NW a SE y una extensi\u00f3n de &hellip; <a href=\"https:\/\/www.amicsdelamarportmao.com\/es\/instalacions\/illa-plana\/\">Sigue leyendo <span class=\"meta-nav\">&rarr;<\/span><\/a><\/p>\n","protected":false},"author":1,"featured_media":0,"parent":38,"menu_order":0,"comment_status":"closed","ping_status":"open","template":"","meta":{"footnotes":""},"_links":{"self":[{"href":"https:\/\/www.amicsdelamarportmao.com\/es\/wp-json\/wp\/v2\/pages\/55"}],"collection":[{"href":"https:\/\/www.amicsdelamarportmao.com\/es\/wp-json\/wp\/v2\/pages"}],"about":[{"href":"https:\/\/www.amicsdelamarportmao.com\/es\/wp-json\/wp\/v2\/types\/page"}],"author":[{"embeddable":true,"href":"https:\/\/www.amicsdelamarportmao.com\/es\/wp-json\/wp\/v2\/users\/1"}],"replies":[{"embeddable":true,"href":"https:\/\/www.amicsdelamarportmao.com\/es\/wp-json\/wp\/v2\/comments?post=55"}],"version-history":[{"count":11,"href":"https:\/\/www.amicsdelamarportmao.com\/es\/wp-json\/wp\/v2\/pages\/55\/revisions"}],"predecessor-version":[{"id":427,"href":"https:\/\/www.amicsdelamarportmao.com\/es\/wp-json\/wp\/v2\/pages\/55\/revisions\/427"}],"up":[{"embeddable":true,"href":"https:\/\/www.amicsdelamarportmao.com\/es\/wp-json\/wp\/v2\/pages\/38"}],"wp:attachment":[{"href":"https:\/\/www.amicsdelamarportmao.com\/es\/wp-json\/wp\/v2\/media?parent=55"}],"curies":[{"name":"wp","href":"https:\/\/api.w.org\/{rel}","templated":true}]}}