{"id":69,"date":"2012-03-14T17:57:32","date_gmt":"2012-03-14T17:57:32","guid":{"rendered":"https:\/\/www.amicsdelamarportmao.com\/?page_id=69"},"modified":"2012-03-26T18:29:27","modified_gmt":"2012-03-26T16:29:27","slug":"associacio","status":"publish","type":"page","link":"https:\/\/www.amicsdelamarportmao.com\/es\/associacio\/","title":{"rendered":"Asociaci\u00f3n"},"content":{"rendered":"<p>La Asociaci\u00f3n cultural sin \u00e1nimo de lucro Amics de la Mar Port-Ma\u00f3 se cre\u00f3 el 11 de Noviembre de 1997 en Es Castell, con el objectivo de proteger y conservar el patrimonio mar\u00edtimo y divulgar la cultura marinera de la isla de Menorca y del puerto de Mah\u00f3n en particular.<\/p>\n<p><a href=\"https:\/\/www.amicsdelamarportmao.com\/wp-content\/uploads\/2012\/03\/DSC00182-copia1.jpg\"><img loading=\"lazy\" decoding=\"async\" class=\"alignleft size-medium wp-image-203\" title=\"DSC00182 copia\" src=\"https:\/\/www.amicsdelamarportmao.com\/wp-content\/uploads\/2012\/03\/DSC00182-copia1-300x224.jpg\" alt=\"\" width=\"300\" height=\"224\" srcset=\"https:\/\/www.amicsdelamarportmao.com\/wp-content\/uploads\/2012\/03\/DSC00182-copia1-300x224.jpg 300w, https:\/\/www.amicsdelamarportmao.com\/wp-content\/uploads\/2012\/03\/DSC00182-copia1-250x187.jpg 250w, https:\/\/www.amicsdelamarportmao.com\/wp-content\/uploads\/2012\/03\/DSC00182-copia1.jpg 567w\" sizes=\"(max-width: 300px) 100vw, 300px\" \/><\/a>Para conseguir el objectivo social la Asociaci\u00f3n pretendre impulsar entre otras las siguientes actividades: Promover \u00a0un museo o centro del patrimonio, la cultura i la vida\u00a0 marinera de Menorca. Fomentar el estudio y la investigaci\u00f3n sobre temas mar\u00edtimos de la isla de Menorca en general y del puerto de Mah\u00f3n en particular. Actuar en defensa y protecci\u00f3n del medio, el paisaje y la arquitectura del litoral de la isla y en especial del puerto de Mah\u00f3n. Promover la recuperaci\u00f3n de las formas de navegaci\u00f3n, deportes nauticos y pesca tradicionales.<\/p>\n<p>En la cantera subterr\u00e1nea de Robadones, en el Cam\u00ed Verd de Es Castell \u00a0hay depositadas un centenar de embarcaciones que forman parte del patrimonio mar\u00edtimo de Menorca.<\/p>\n<p style=\"text-align: left;\">En la Isla Pinto, de la Estaci\u00f3n Naval de Mah\u00f3n disponemos de taller de carpinteria y \u00a0varador para la restauraci\u00f3n y el mantenimento de embarcaciones, as\u00ed como diferenets pa\u00f1oles para hivernada y almazenaje de velas y arboladuras.<\/p>\n<p><\/p>","protected":false},"excerpt":{"rendered":"<p>La Asociaci\u00f3n cultural sin \u00e1nimo de lucro Amics de la Mar Port-Ma\u00f3 se cre\u00f3 el 11 de Noviembre de 1997 en Es Castell, con el objectivo de proteger y conservar el patrimonio mar\u00edtimo y divulgar la cultura marinera de la &hellip; <a href=\"https:\/\/www.amicsdelamarportmao.com\/es\/associacio\/\">Sigue leyendo <span class=\"meta-nav\">&rarr;<\/span><\/a><\/p>\n","protected":false},"author":1,"featured_media":0,"parent":0,"menu_order":10,"comment_status":"closed","ping_status":"open","template":"","meta":{"footnotes":""},"_links":{"self":[{"href":"https:\/\/www.amicsdelamarportmao.com\/es\/wp-json\/wp\/v2\/pages\/69"}],"collection":[{"href":"https:\/\/www.amicsdelamarportmao.com\/es\/wp-json\/wp\/v2\/pages"}],"about":[{"href":"https:\/\/www.amicsdelamarportmao.com\/es\/wp-json\/wp\/v2\/types\/page"}],"author":[{"embeddable":true,"href":"https:\/\/www.amicsdelamarportmao.com\/es\/wp-json\/wp\/v2\/users\/1"}],"replies":[{"embeddable":true,"href":"https:\/\/www.amicsdelamarportmao.com\/es\/wp-json\/wp\/v2\/comments?post=69"}],"version-history":[{"count":15,"href":"https:\/\/www.amicsdelamarportmao.com\/es\/wp-json\/wp\/v2\/pages\/69\/revisions"}],"predecessor-version":[{"id":412,"href":"https:\/\/www.amicsdelamarportmao.com\/es\/wp-json\/wp\/v2\/pages\/69\/revisions\/412"}],"wp:attachment":[{"href":"https:\/\/www.amicsdelamarportmao.com\/es\/wp-json\/wp\/v2\/media?parent=69"}],"curies":[{"name":"wp","href":"https:\/\/api.w.org\/{rel}","templated":true}]}}